{"id":528,"date":"2022-09-11T13:23:33","date_gmt":"2022-09-11T13:23:33","guid":{"rendered":"https:\/\/systex.com.br\/site\/?page_id=528"},"modified":"2022-09-16T13:51:27","modified_gmt":"2022-09-16T13:51:27","slug":"sobre-nos","status":"publish","type":"page","link":"https:\/\/systex.com.br\/site\/sobre-nos\/","title":{"rendered":"Sobre n\u00f3s"},"content":{"rendered":"\t\t<div data-elementor-type=\"wp-page\" data-elementor-id=\"528\" class=\"elementor elementor-528\" data-elementor-post-type=\"page\">\n\t\t\t\t\t\t<section class=\"elementor-section elementor-top-section elementor-element elementor-element-626f694d elementor-section-full_width elementor-section-height-full elementor-section-items-stretch bdt-particles-yes elementor-section-height-default\" data-id=\"626f694d\" data-element_type=\"section\" data-settings=\"{&quot;background_background&quot;:&quot;gradient&quot;,&quot;section_particles_on&quot;:&quot;yes&quot;}\">\n\t\t\t\t\t\t<div class=\"elementor-container elementor-column-gap-default\">\n\t\t\t\t\t<div class=\"elementor-column elementor-col-100 elementor-top-column elementor-element elementor-element-5ba174a4\" data-id=\"5ba174a4\" data-element_type=\"column\">\n\t\t\t<div class=\"elementor-widget-wrap elementor-element-populated\">\n\t\t\t\t\t\t<section class=\"elementor-section elementor-inner-section elementor-element elementor-element-42e1145e elementor-section-boxed elementor-section-height-default elementor-section-height-default\" data-id=\"42e1145e\" data-element_type=\"section\">\n\t\t\t\t\t\t<div class=\"elementor-container elementor-column-gap-default\">\n\t\t\t\t\t<div class=\"elementor-column elementor-col-50 elementor-inner-column elementor-element elementor-element-b991f1b\" data-id=\"b991f1b\" data-element_type=\"column\">\n\t\t\t<div class=\"elementor-widget-wrap elementor-element-populated\">\n\t\t\t\t\t\t<div class=\"elementor-element elementor-element-3d1dace2 elementor-widget elementor-widget-image\" data-id=\"3d1dace2\" data-element_type=\"widget\" data-widget_type=\"image.default\">\n\t\t\t\t<div class=\"elementor-widget-container\">\n\t\t\t\t\t\t\t\t\t\t\t\t\t\t\t<img fetchpriority=\"high\" decoding=\"async\" width=\"300\" height=\"169\" src=\"https:\/\/systex.com.br\/site\/wp-content\/uploads\/2022\/09\/systex-300x169.png\" class=\"attachment-medium size-medium wp-image-106\" alt=\"\" srcset=\"https:\/\/systex.com.br\/site\/wp-content\/uploads\/2022\/09\/systex-300x169.png 300w, https:\/\/systex.com.br\/site\/wp-content\/uploads\/2022\/09\/systex-1024x578.png 1024w, https:\/\/systex.com.br\/site\/wp-content\/uploads\/2022\/09\/systex-768x433.png 768w, https:\/\/systex.com.br\/site\/wp-content\/uploads\/2022\/09\/systex-1536x867.png 1536w, https:\/\/systex.com.br\/site\/wp-content\/uploads\/2022\/09\/systex-2048x1156.png 2048w, https:\/\/systex.com.br\/site\/wp-content\/uploads\/2022\/09\/systex-650x367.png 650w\" sizes=\"(max-width: 300px) 100vw, 300px\" \/>\t\t\t\t\t\t\t\t\t\t\t\t\t\t\t<\/div>\n\t\t\t\t<\/div>\n\t\t\t\t\t<\/div>\n\t\t<\/div>\n\t\t\t\t<div class=\"elementor-column elementor-col-50 elementor-inner-column elementor-element elementor-element-7f97419c\" data-id=\"7f97419c\" data-element_type=\"column\">\n\t\t\t<div class=\"elementor-widget-wrap elementor-element-populated\">\n\t\t\t\t\t\t<div class=\"elementor-element elementor-element-74f25878 elementor-nav-menu__align-end elementor-nav-menu--dropdown-tablet elementor-nav-menu__text-align-aside elementor-nav-menu--toggle elementor-nav-menu--burger elementor-widget elementor-widget-nav-menu\" data-id=\"74f25878\" data-element_type=\"widget\" data-settings=\"{&quot;layout&quot;:&quot;horizontal&quot;,&quot;submenu_icon&quot;:{&quot;value&quot;:&quot;&lt;i class=\\&quot;fas fa-caret-down\\&quot;&gt;&lt;\\\/i&gt;&quot;,&quot;library&quot;:&quot;fa-solid&quot;},&quot;toggle&quot;:&quot;burger&quot;}\" data-widget_type=\"nav-menu.default\">\n\t\t\t\t<div class=\"elementor-widget-container\">\n\t\t\t\t\t\t\t\t<nav aria-label=\"Menu\" class=\"elementor-nav-menu--main elementor-nav-menu__container elementor-nav-menu--layout-horizontal e--pointer-underline e--animation-fade\">\n\t\t\t\t<ul id=\"menu-1-74f25878\" class=\"elementor-nav-menu\"><li class=\"menu-item menu-item-type-custom menu-item-object-custom menu-item-home menu-item-554\"><a href=\"https:\/\/systex.com.br\/site\" class=\"elementor-item\">Home<\/a><\/li>\n<li class=\"menu-item menu-item-type-custom menu-item-object-custom menu-item-147\"><a href=\"https:\/\/systex.com.br\/site\/sobre-nos\" class=\"elementor-item\">N\u00f3s<\/a><\/li>\n<li class=\"menu-item menu-item-type-custom menu-item-object-custom menu-item-148\"><a href=\"#parceiros\" class=\"elementor-item elementor-item-anchor\">Parceiros<\/a><\/li>\n<li class=\"menu-item menu-item-type-custom menu-item-object-custom menu-item-149\"><a href=\"#portifolio\" class=\"elementor-item elementor-item-anchor\">Portifolio<\/a><\/li>\n<li class=\"menu-item menu-item-type-custom menu-item-object-custom menu-item-150\"><a href=\"#contato\" class=\"elementor-item elementor-item-anchor\">Contato<\/a><\/li>\n<\/ul>\t\t\t<\/nav>\n\t\t\t\t\t<div class=\"elementor-menu-toggle\" role=\"button\" tabindex=\"0\" aria-label=\"Menu Toggle\" aria-expanded=\"false\">\n\t\t\t<i aria-hidden=\"true\" role=\"presentation\" class=\"elementor-menu-toggle__icon--open eicon-menu-bar\"><\/i><i aria-hidden=\"true\" role=\"presentation\" class=\"elementor-menu-toggle__icon--close eicon-close\"><\/i>\t\t\t<span class=\"elementor-screen-only\">Menu<\/span>\n\t\t<\/div>\n\t\t\t\t\t<nav class=\"elementor-nav-menu--dropdown elementor-nav-menu__container\" aria-hidden=\"true\">\n\t\t\t\t<ul id=\"menu-2-74f25878\" class=\"elementor-nav-menu\"><li class=\"menu-item menu-item-type-custom menu-item-object-custom menu-item-home menu-item-554\"><a href=\"https:\/\/systex.com.br\/site\" class=\"elementor-item\" tabindex=\"-1\">Home<\/a><\/li>\n<li class=\"menu-item menu-item-type-custom menu-item-object-custom menu-item-147\"><a href=\"https:\/\/systex.com.br\/site\/sobre-nos\" class=\"elementor-item\" tabindex=\"-1\">N\u00f3s<\/a><\/li>\n<li class=\"menu-item menu-item-type-custom menu-item-object-custom menu-item-148\"><a href=\"#parceiros\" class=\"elementor-item elementor-item-anchor\" tabindex=\"-1\">Parceiros<\/a><\/li>\n<li class=\"menu-item menu-item-type-custom menu-item-object-custom menu-item-149\"><a href=\"#portifolio\" class=\"elementor-item elementor-item-anchor\" tabindex=\"-1\">Portifolio<\/a><\/li>\n<li class=\"menu-item menu-item-type-custom menu-item-object-custom menu-item-150\"><a href=\"#contato\" class=\"elementor-item elementor-item-anchor\" tabindex=\"-1\">Contato<\/a><\/li>\n<\/ul>\t\t\t<\/nav>\n\t\t\t\t\t\t<\/div>\n\t\t\t\t<\/div>\n\t\t\t\t\t<\/div>\n\t\t<\/div>\n\t\t\t\t\t<\/div>\n\t\t<\/section>\n\t\t\t\t<div class=\"elementor-element elementor-element-293c270a elementor-widget elementor-widget-spacer\" data-id=\"293c270a\" data-element_type=\"widget\" data-widget_type=\"spacer.default\">\n\t\t\t\t<div class=\"elementor-widget-container\">\n\t\t\t\t\t\t\t<div class=\"elementor-spacer\">\n\t\t\t<div class=\"elementor-spacer-inner\"><\/div>\n\t\t<\/div>\n\t\t\t\t\t\t<\/div>\n\t\t\t\t<\/div>\n\t\t\t\t<div class=\"elementor-element elementor-element-44908bd9 animated-slow elementor-invisible elementor-widget elementor-widget-heading\" data-id=\"44908bd9\" data-element_type=\"widget\" data-settings=\"{&quot;_animation&quot;:&quot;fadeInLeft&quot;}\" data-widget_type=\"heading.default\">\n\t\t\t\t<div class=\"elementor-widget-container\">\n\t\t\t\t\t<h1 class=\"elementor-heading-title elementor-size-default\">Sobre N\u00f3s<\/h1>\t\t\t\t<\/div>\n\t\t\t\t<\/div>\n\t\t\t\t<div class=\"elementor-element elementor-element-c377a1c elementor-widget elementor-widget-spacer\" data-id=\"c377a1c\" data-element_type=\"widget\" data-widget_type=\"spacer.default\">\n\t\t\t\t<div class=\"elementor-widget-container\">\n\t\t\t\t\t\t\t<div class=\"elementor-spacer\">\n\t\t\t<div class=\"elementor-spacer-inner\"><\/div>\n\t\t<\/div>\n\t\t\t\t\t\t<\/div>\n\t\t\t\t<\/div>\n\t\t\t\t\t<\/div>\n\t\t<\/div>\n\t\t\t\t\t<\/div>\n\t\t<\/section>\n\t\t\t\t<section class=\"elementor-section elementor-top-section elementor-element elementor-element-f63a89a elementor-section-boxed elementor-section-height-default elementor-section-height-default\" data-id=\"f63a89a\" data-element_type=\"section\" data-settings=\"{&quot;background_background&quot;:&quot;slideshow&quot;,&quot;section_parallax_on&quot;:&quot;yes&quot;,&quot;background_slideshow_gallery&quot;:[{&quot;id&quot;:106,&quot;url&quot;:&quot;https:\\\/\\\/systex.com.br\\\/site\\\/wp-content\\\/uploads\\\/2022\\\/09\\\/systex.png&quot;}],&quot;background_slideshow_loop&quot;:&quot;yes&quot;,&quot;background_slideshow_slide_duration&quot;:5000,&quot;background_slideshow_slide_transition&quot;:&quot;fade&quot;,&quot;background_slideshow_transition_duration&quot;:500}\">\n\t\t\t\t\t\t<div class=\"elementor-container elementor-column-gap-default\">\n\t\t\t\t\t<div class=\"elementor-column elementor-col-100 elementor-top-column elementor-element elementor-element-eea1e8d\" data-id=\"eea1e8d\" data-element_type=\"column\">\n\t\t\t<div class=\"elementor-widget-wrap elementor-element-populated\">\n\t\t\t\t\t\t<div class=\"elementor-element elementor-element-4c86a93 elementor-drop-cap-yes elementor-drop-cap-view-default elementor-widget elementor-widget-text-editor\" data-id=\"4c86a93\" data-element_type=\"widget\" data-settings=\"{&quot;drop_cap&quot;:&quot;yes&quot;}\" data-widget_type=\"text-editor.default\">\n\t\t\t\t<div class=\"elementor-widget-container\">\n\t\t\t\t\t\t\t\t\t<p style=\"font-size: 18px; color: #ffffff; font-variant-ligatures: normal; orphans: 2; widows: 2; text-decoration-thickness: initial;\">Systex, em 2019 iniciou sua jornada, com foco em automatizar processos e integrar tecnologias afim de facilitar todo o circuito de atividades dentro de qualquer institui\u00e7\u00e3o seja ela de pequeno, m\u00e9dio ou grande porte.<\/p>\n<p style=\"font-size: 18px; color: #ffffff; font-variant-ligatures: normal; orphans: 2; widows: 2; text-decoration-thickness: initial;\">Ao longo desses anos vem desenvolvendo sistemas de Gest\u00e3o, Sites e muitas outras plataformas da forma mais pr\u00e1tica e atualizada do mercado utilizando ferramentas de alta tecnologia para melhor atender seus clientes.<\/p>\n<p style=\"font-size: 18px; color: #ffffff; font-variant-ligatures: normal; orphans: 2; widows: 2; text-decoration-thickness: initial;\">Inova\u00e7\u00e3o que n\u00e3o p\u00e1ra, esse \u00e9 o lema de todos em nossa equipe, visando melhorias cont\u00ednuas interna e externamente sempre criando sistemas inteligentes.<\/p>\n<p style=\"font-size: 18px; color: #ffffff; font-variant-ligatures: normal; orphans: 2; widows: 2; text-decoration-thickness: initial;\">Sobre nosso logo:&nbsp;<\/p>\n<p style=\"font-size: 18px; color: #ffffff; font-variant-ligatures: normal; orphans: 2; widows: 2; text-decoration-thickness: initial;\">S\u00edmbolo : um gr\u00e1fico com uma seta apontando para cima significando crescimento<\/p>\n<p style=\"font-size: 18px; color: #ffffff; font-variant-ligatures: normal; orphans: 2; widows: 2; text-decoration-thickness: initial;\">Gr\u00e1fico por que nossos sistemas a maioria s\u00e3o de gest\u00e3o englobando gr\u00e1ficos, a seta e nos lembrando sempre do nosso objetivo que \u00e9 crescimento<\/p>\n<p style=\"font-size: 18px; color: #ffffff; font-variant-ligatures: normal; orphans: 2; widows: 2; text-decoration-thickness: initial;\">\n<\/p><p style=\"font-size: 18px; color: #ffffff; font-variant-ligatures: normal; orphans: 2; widows: 2; text-decoration-thickness: initial;\">Cores: segundo a psicologia das cores o Cinza representa tecnologia e sofistica\u00e7\u00e3o , e j\u00e1 o vermelho representa poder e for\u00e7a, branco f\u00e9 sendo assim dai nasceram nossas cores e s\u00edmbolo Systex<\/p>\n<p style=\"font-size: 18px; color: #ffffff; font-variant-ligatures: normal; orphans: 2; widows: 2; text-decoration-thickness: initial;\">\n<\/p>\t\t\t\t\t\t\t\t<\/div>\n\t\t\t\t<\/div>\n\t\t\t\t\t<\/div>\n\t\t<\/div>\n\t\t\t\t\t<\/div>\n\t\t<\/section>\n\t\t\t\t<div class=\"elementor-section elementor-inner-section elementor-element elementor-element-70a9ac7a animated-slow elementor-section-height-min-height elementor-section-boxed elementor-section-height-default elementor-invisible\" data-id=\"70a9ac7a\" data-element_type=\"section\" data-settings=\"{&quot;background_background&quot;:&quot;gradient&quot;,&quot;animation&quot;:&quot;fadeIn&quot;}\">\n\t\t\t\t\t\t<div class=\"elementor-container elementor-column-gap-default\">\n\t\t\t\t\t<div class=\"elementor-column elementor-col-50 elementor-inner-column elementor-element elementor-element-6f9e3a88\" data-id=\"6f9e3a88\" data-element_type=\"column\">\n\t\t\t<div class=\"elementor-widget-wrap elementor-element-populated\">\n\t\t\t\t\t\t<div class=\"elementor-element elementor-element-8350aab elementor-widget elementor-widget-menu-anchor\" data-id=\"8350aab\" data-element_type=\"widget\" data-widget_type=\"menu-anchor.default\">\n\t\t\t\t<div class=\"elementor-widget-container\">\n\t\t\t\t\t\t\t<div class=\"elementor-menu-anchor\" id=\"contato\"><\/div>\n\t\t\t\t\t\t<\/div>\n\t\t\t\t<\/div>\n\t\t\t\t<div class=\"elementor-element elementor-element-21882050 elementor-widget elementor-widget-heading\" data-id=\"21882050\" data-element_type=\"widget\" data-widget_type=\"heading.default\">\n\t\t\t\t<div class=\"elementor-widget-container\">\n\t\t\t\t\t<h2 class=\"elementor-heading-title elementor-size-default\">Entre em Contato<\/h2>\t\t\t\t<\/div>\n\t\t\t\t<\/div>\n\t\t\t\t<div class=\"elementor-element elementor-element-725ed9ee elementor-widget elementor-widget-text-editor\" data-id=\"725ed9ee\" data-element_type=\"widget\" data-widget_type=\"text-editor.default\">\n\t\t\t\t<div class=\"elementor-widget-container\">\n\t\t\t\t\t\t\t\t\t<p>Faca parte da fam\u00edlia Systex agora mesmo e conhe\u00e7a o bom de trabalhar com sistemas inteligentes.<\/p>\t\t\t\t\t\t\t\t<\/div>\n\t\t\t\t<\/div>\n\t\t\t\t\t<\/div>\n\t\t<\/div>\n\t\t\t\t<div class=\"elementor-column elementor-col-50 elementor-inner-column elementor-element elementor-element-2601e580\" data-id=\"2601e580\" data-element_type=\"column\">\n\t\t\t<div class=\"elementor-widget-wrap elementor-element-populated\">\n\t\t\t\t\t\t<div class=\"elementor-element elementor-element-7258c770 elementor-align-center elementor-mobile-align-left elementor-widget elementor-widget-button\" data-id=\"7258c770\" data-element_type=\"widget\" data-widget_type=\"button.default\">\n\t\t\t\t<div class=\"elementor-widget-container\">\n\t\t\t\t\t\t\t\t\t<div class=\"elementor-button-wrapper\">\n\t\t\t\t\t<a class=\"elementor-button elementor-button-link elementor-size-lg elementor-animation-pulse-grow\" href=\"https:\/\/wa.me\/12991978673\">\n\t\t\t\t\t\t<span class=\"elementor-button-content-wrapper\">\n\t\t\t\t\t\t<span class=\"elementor-button-icon\">\n\t\t\t\t<i aria-hidden=\"true\" class=\"fab fa-whatsapp\"><\/i>\t\t\t<\/span>\n\t\t\t\t\t\t\t\t\t<span class=\"elementor-button-text\">Contratar<\/span>\n\t\t\t\t\t<\/span>\n\t\t\t\t\t<\/a>\n\t\t\t\t<\/div>\n\t\t\t\t\t\t\t\t<\/div>\n\t\t\t\t<\/div>\n\t\t\t\t\t<\/div>\n\t\t<\/div>\n\t\t\t\t\t<\/div>\n\t\t<\/div>\n\t\t\t\t<section class=\"elementor-section elementor-top-section elementor-element elementor-element-1d5cc94f bdt-particles-yes elementor-section-boxed elementor-section-height-default elementor-section-height-default\" data-id=\"1d5cc94f\" data-element_type=\"section\" data-settings=\"{&quot;section_particles_on&quot;:&quot;yes&quot;}\">\n\t\t\t\t\t\t<div class=\"elementor-container elementor-column-gap-default\">\n\t\t\t\t\t<div class=\"elementor-column elementor-col-100 elementor-top-column elementor-element elementor-element-433a9b36\" data-id=\"433a9b36\" data-element_type=\"column\">\n\t\t\t<div class=\"elementor-widget-wrap elementor-element-populated\">\n\t\t\t\t\t\t<div class=\"elementor-element elementor-element-4aa4e713 elementor-shape-rounded elementor-grid-0 e-grid-align-center elementor-widget elementor-widget-social-icons\" data-id=\"4aa4e713\" data-element_type=\"widget\" data-widget_type=\"social-icons.default\">\n\t\t\t\t<div class=\"elementor-widget-container\">\n\t\t\t\t\t\t\t<div class=\"elementor-social-icons-wrapper elementor-grid\" role=\"list\">\n\t\t\t\t\t\t\t<span class=\"elementor-grid-item\" role=\"listitem\">\n\t\t\t\t\t<a class=\"elementor-icon elementor-social-icon elementor-social-icon-facebook elementor-repeater-item-6528a26\" target=\"_blank\">\n\t\t\t\t\t\t<span class=\"elementor-screen-only\">Facebook<\/span>\n\t\t\t\t\t\t<i class=\"fab fa-facebook\"><\/i>\t\t\t\t\t<\/a>\n\t\t\t\t<\/span>\n\t\t\t\t\t\t\t<span class=\"elementor-grid-item\" role=\"listitem\">\n\t\t\t\t\t<a class=\"elementor-icon elementor-social-icon elementor-social-icon-twitter elementor-repeater-item-27ecefc\" target=\"_blank\">\n\t\t\t\t\t\t<span class=\"elementor-screen-only\">Twitter<\/span>\n\t\t\t\t\t\t<i class=\"fab fa-twitter\"><\/i>\t\t\t\t\t<\/a>\n\t\t\t\t<\/span>\n\t\t\t\t\t\t\t<span class=\"elementor-grid-item\" role=\"listitem\">\n\t\t\t\t\t<a class=\"elementor-icon elementor-social-icon elementor-social-icon-youtube elementor-repeater-item-7d04ef8\" target=\"_blank\">\n\t\t\t\t\t\t<span class=\"elementor-screen-only\">Youtube<\/span>\n\t\t\t\t\t\t<i class=\"fab fa-youtube\"><\/i>\t\t\t\t\t<\/a>\n\t\t\t\t<\/span>\n\t\t\t\t\t\t\t<span class=\"elementor-grid-item\" role=\"listitem\">\n\t\t\t\t\t<a class=\"elementor-icon elementor-social-icon elementor-social-icon-whatsapp elementor-repeater-item-d8c6740\" target=\"_blank\">\n\t\t\t\t\t\t<span class=\"elementor-screen-only\">Whatsapp<\/span>\n\t\t\t\t\t\t<i class=\"fab fa-whatsapp\"><\/i>\t\t\t\t\t<\/a>\n\t\t\t\t<\/span>\n\t\t\t\t\t<\/div>\n\t\t\t\t\t\t<\/div>\n\t\t\t\t<\/div>\n\t\t\t\t<div class=\"elementor-element elementor-element-70fa4495 elementor-widget elementor-widget-image\" data-id=\"70fa4495\" data-element_type=\"widget\" data-widget_type=\"image.default\">\n\t\t\t\t<div class=\"elementor-widget-container\">\n\t\t\t\t\t\t\t\t\t\t\t\t\t\t\t<img fetchpriority=\"high\" decoding=\"async\" width=\"300\" height=\"169\" src=\"https:\/\/systex.com.br\/site\/wp-content\/uploads\/2022\/09\/systex-300x169.png\" class=\"attachment-medium size-medium wp-image-106\" alt=\"\" srcset=\"https:\/\/systex.com.br\/site\/wp-content\/uploads\/2022\/09\/systex-300x169.png 300w, https:\/\/systex.com.br\/site\/wp-content\/uploads\/2022\/09\/systex-1024x578.png 1024w, https:\/\/systex.com.br\/site\/wp-content\/uploads\/2022\/09\/systex-768x433.png 768w, https:\/\/systex.com.br\/site\/wp-content\/uploads\/2022\/09\/systex-1536x867.png 1536w, https:\/\/systex.com.br\/site\/wp-content\/uploads\/2022\/09\/systex-2048x1156.png 2048w, https:\/\/systex.com.br\/site\/wp-content\/uploads\/2022\/09\/systex-650x367.png 650w\" sizes=\"(max-width: 300px) 100vw, 300px\" \/>\t\t\t\t\t\t\t\t\t\t\t\t\t\t\t<\/div>\n\t\t\t\t<\/div>\n\t\t\t\t<section class=\"elementor-section elementor-inner-section elementor-element elementor-element-4a246866 elementor-section-boxed elementor-section-height-default elementor-section-height-default\" data-id=\"4a246866\" data-element_type=\"section\">\n\t\t\t\t\t\t<div class=\"elementor-container elementor-column-gap-default\">\n\t\t\t\t\t<div class=\"elementor-column elementor-col-100 elementor-inner-column elementor-element elementor-element-508a52fd\" data-id=\"508a52fd\" data-element_type=\"column\">\n\t\t\t<div class=\"elementor-widget-wrap elementor-element-populated\">\n\t\t\t\t\t\t<div class=\"elementor-element elementor-element-1a968908 elementor-widget elementor-widget-text-editor\" data-id=\"1a968908\" data-element_type=\"widget\" data-widget_type=\"text-editor.default\">\n\t\t\t\t<div class=\"elementor-widget-container\">\n\t\t\t\t\t\t\t\t\t<p><span style=\"caret-color: rgb(255, 255, 255); color: rgb(255, 255, 255); font-family: inter, sans-serif; font-size: 12px; background-color: rgb(26, 32, 44); font-style: var(--uicore-typography--p-st,&quot;normal&quot;); letter-spacing: var(--uicore-typography--p-ls,&quot;-0.027em&quot;); text-transform: var(--uicore-typography--p-t,&quot;none&quot;);\">\u00a9 2022 SYSTEX todos direitos reservados<\/span><\/p>\t\t\t\t\t\t\t\t<\/div>\n\t\t\t\t<\/div>\n\t\t\t\t\t<\/div>\n\t\t<\/div>\n\t\t\t\t\t<\/div>\n\t\t<\/section>\n\t\t\t\t\t<\/div>\n\t\t<\/div>\n\t\t\t\t\t<\/div>\n\t\t<\/section>\n\t\t\t\t<\/div>\n\t\t","protected":false},"excerpt":{"rendered":"<p>Sobre N\u00f3s Systex, em 2019 iniciou sua jornada, com foco em automatizar processos e integrar tecnologias afim de facilitar todo o circuito [&hellip;]<\/p>\n","protected":false},"author":1,"featured_media":0,"parent":0,"menu_order":0,"comment_status":"closed","ping_status":"closed","template":"","meta":{"om_disable_all_campaigns":false,"_monsterinsights_skip_tracking":false,"_monsterinsights_sitenote_active":false,"_monsterinsights_sitenote_note":"","_monsterinsights_sitenote_category":0,"footnotes":""},"class_list":["post-528","page","type-page","status-publish","hentry"],"aioseo_notices":[],"_links":{"self":[{"href":"https:\/\/systex.com.br\/site\/wp-json\/wp\/v2\/pages\/528","targetHints":{"allow":["GET"]}}],"collection":[{"href":"https:\/\/systex.com.br\/site\/wp-json\/wp\/v2\/pages"}],"about":[{"href":"https:\/\/systex.com.br\/site\/wp-json\/wp\/v2\/types\/page"}],"author":[{"embeddable":true,"href":"https:\/\/systex.com.br\/site\/wp-json\/wp\/v2\/users\/1"}],"replies":[{"embeddable":true,"href":"https:\/\/systex.com.br\/site\/wp-json\/wp\/v2\/comments?post=528"}],"version-history":[{"count":38,"href":"https:\/\/systex.com.br\/site\/wp-json\/wp\/v2\/pages\/528\/revisions"}],"predecessor-version":[{"id":690,"href":"https:\/\/systex.com.br\/site\/wp-json\/wp\/v2\/pages\/528\/revisions\/690"}],"wp:attachment":[{"href":"https:\/\/systex.com.br\/site\/wp-json\/wp\/v2\/media?parent=528"}],"curies":[{"name":"wp","href":"https:\/\/api.w.org\/{rel}","templated":true}]}}